{"id":155,"date":"2018-02-06T12:55:41","date_gmt":"2018-02-06T12:55:41","guid":{"rendered":"http:\/\/bridge151.qodeinteractive.com\/?page_id=155"},"modified":"2025-02-21T11:28:04","modified_gmt":"2025-02-21T17:28:04","slug":"about-our-lab","status":"publish","type":"page","link":"https:\/\/4digital.mx\/about-our-lab\/","title":{"rendered":"Nosotros"},"content":{"rendered":"<p>[vc_row css_animation=&#8221;&#8221; row_type=&#8221;row&#8221; use_row_as_full_screen_section=&#8221;no&#8221; type=&#8221;full_width&#8221; angled_section=&#8221;no&#8221; text_align=&#8221;left&#8221; background_image_as_pattern=&#8221;without_pattern&#8221;][vc_column][vc_empty_space][\/vc_column][\/vc_row][vc_row css_animation=&#8221;&#8221; row_type=&#8221;row&#8221; use_row_as_full_screen_section=&#8221;no&#8221; type=&#8221;full_width&#8221; angled_section=&#8221;no&#8221; text_align=&#8221;left&#8221; background_image_as_pattern=&#8221;without_pattern&#8221;][vc_column][vc_empty_space][\/vc_column][\/vc_row][vc_row css_animation=&#8221;&#8221; row_type=&#8221;row&#8221; use_row_as_full_screen_section=&#8221;no&#8221; type=&#8221;full_width&#8221; angled_section=&#8221;no&#8221; text_align=&#8221;left&#8221; background_image_as_pattern=&#8221;without_pattern&#8221;][vc_column][vc_empty_space][\/vc_column][\/vc_row][vc_row css_animation=&#8221;&#8221; row_type=&#8221;row&#8221; use_row_as_full_screen_section=&#8221;no&#8221; type=&#8221;full_width&#8221; angled_section=&#8221;no&#8221; text_align=&#8221;left&#8221; background_image_as_pattern=&#8221;without_pattern&#8221;][vc_column width=&#8221;1\/4&#8243;][\/vc_column][vc_column width=&#8221;1\/2&#8243;][vc_column_text]<\/p>\n<div class=\"fill banner-link\"><\/div>\n<div id=\"text-box-2024482501\" class=\"text-box banner-layer x10 md-x10 lg-x10 y50 md-y50 lg-y50 res-text\">\n<div class=\"text dark\">\n<div class=\"text-inner text-center\">\n<h1 class=\"lead\" style=\"text-align: center;\">\u00bfPor que elegir 4 Digital?<\/h1>\n<\/div>\n<p>&nbsp;<\/p>\n<\/div>\n<\/div>\n<p style=\"text-align: center;\">Laboratorio con la mejor tecnolog\u00eda propia.<\/p>\n<p style=\"text-align: center;\">Carillas el mismo d\u00eda.<\/p>\n<p style=\"text-align: center;\">Impresi\u00f3n o escaneo digital.<\/p>\n<p style=\"text-align: center;\">Tomografo.<\/p>\n<p style=\"text-align: center;\">Todo en el mismo lugar<\/p>\n<p>[\/vc_column_text][\/vc_column][vc_column width=&#8221;1\/4&#8243;][\/vc_column][\/vc_row][vc_row css_animation=&#8221;&#8221; row_type=&#8221;row&#8221; use_row_as_full_screen_section=&#8221;no&#8221; type=&#8221;full_width&#8221; angled_section=&#8221;no&#8221; text_align=&#8221;left&#8221; background_image_as_pattern=&#8221;without_pattern&#8221;][vc_column][vc_empty_space][\/vc_column][\/vc_row][vc_row css_animation=&#8221;&#8221; row_type=&#8221;row&#8221; use_row_as_full_screen_section=&#8221;no&#8221; type=&#8221;full_width&#8221; angled_section=&#8221;no&#8221; text_align=&#8221;left&#8221; background_image_as_pattern=&#8221;without_pattern&#8221;][vc_column width=&#8221;1\/4&#8243;][\/vc_column][vc_column width=&#8221;1\/2&#8243;][vc_column_text]<\/p>\n<div class=\"fill banner-link\"><\/div>\n<div id=\"text-box-2024482501\" class=\"text-box banner-layer x10 md-x10 lg-x10 y50 md-y50 lg-y50 res-text\">\n<div class=\"text dark\">\n<div class=\"text-inner text-center\">\n<h1 class=\"lead\" style=\"text-align: center;\">\u00bfQui\u00e9nes Somos?<\/h1>\n<\/div>\n<p>&nbsp;<\/p>\n<\/div>\n<\/div>\n<p style=\"text-align: center;\">En Cuatro Digital, somos un Laboratorio y Centro de Fresado Dental comprometido con la calidad y la innovaci\u00f3n. Trabajamos con tecnolog\u00eda de vanguardia para brindar a cl\u00ednicas y laboratorios dentales un servicio de excelencia, asegurando resultados precisos y personalizados. Si tienes alg\u00fan proyecto en el que podamos apoyarte, no dudes en contactarnos. Adem\u00e1s, si no est\u00e1s en Chihuahua, \u00a1no te preocupes! Realizamos env\u00edos a todo el pa\u00eds. Env\u00edanos tus fotograf\u00edas y d\u00e9janos ser parte de tus soluciones dentales.<\/p>\n<p>[\/vc_column_text][\/vc_column][vc_column width=&#8221;1\/4&#8243;][\/vc_column][\/vc_row][vc_row css_animation=&#8221;&#8221; row_type=&#8221;row&#8221; use_row_as_full_screen_section=&#8221;no&#8221; type=&#8221;full_width&#8221; angled_section=&#8221;no&#8221; text_align=&#8221;left&#8221; background_image_as_pattern=&#8221;without_pattern&#8221;][vc_column][vc_empty_space][\/vc_column][\/vc_row][vc_row css_animation=&#8221;&#8221; row_type=&#8221;row&#8221; use_row_as_full_screen_section=&#8221;no&#8221; type=&#8221;full_width&#8221; angled_section=&#8221;no&#8221; text_align=&#8221;left&#8221; background_image_as_pattern=&#8221;without_pattern&#8221;][vc_column width=&#8221;1\/2&#8243;][vc_single_image image=&#8221;878&#8243; img_size=&#8221;full&#8221; qode_css_animation=&#8221;&#8221;][vc_gmaps link=&#8221;#E-8_JTNDaWZyYW1lJTIwc3JjJTNEJTIyaHR0cHMlM0ElMkYlMkZ3d3cuZ29vZ2xlLmNvbSUyRm1hcHMlMkZlbWJlZCUzRnBiJTNEJTIxMW0xNCUyMTFtOCUyMTFtMyUyMTFkNDQ4MjI5LjUzNTk2NjIyNDglMjEyZC0xMDYuMDk3Mzk4NjU2NzIwNzclMjEzZDI4LjYzNTk1Nzk3OTcyMjM1NiUyMTNtMiUyMTFpMTAyNCUyMTJpNzY4JTIxNGYxMy4xJTIxM20zJTIxMW0yJTIxMXMweDg2ZWE0MzhmNDU2ZTdkYWYlMjUzQTB4ZmJkZmZhYjExMDZjM2I1OCUyMTJzNCUyNTIwRGlnaXRhbCUyMTVlMCUyMTNtMiUyMTFzZXMtNDE5JTIxMnNteCUyMTR2MTc0MDE1NzY0MTUzMSUyMTVtMiUyMTFzZXMtNDE5JTIxMnNteCUyMiUyMHdpZHRoJTNEJTIyNjAwJTIyJTIwaGVpZ2h0JTNEJTIyNDUwJTIyJTIwc3R5bGUlM0QlMjJib3JkZXIlM0EwJTNCJTIyJTIwYWxsb3dmdWxsc2NyZWVuJTNEJTIyJTIyJTIwbG9hZGluZyUzRCUyMmxhenklMjIlMjByZWZlcnJlcnBvbGljeSUzRCUyMm5vLXJlZmVycmVyLXdoZW4tZG93bmdyYWRlJTIyJTNFJTNDJTJGaWZyYW1lJTNF&#8221;][\/vc_column][vc_column width=&#8221;1\/4&#8243;][\/vc_column][vc_column width=&#8221;1\/4&#8243;][\/vc_column][\/vc_row][vc_row css_animation=&#8221;&#8221; row_type=&#8221;row&#8221; use_row_as_full_screen_section=&#8221;no&#8221; type=&#8221;full_width&#8221; angled_section=&#8221;no&#8221; text_align=&#8221;left&#8221; background_image_as_pattern=&#8221;without_pattern&#8221;][vc_column][vc_empty_space][\/vc_column][\/vc_row][vc_row css_animation=&#8221;&#8221; row_type=&#8221;row&#8221; use_row_as_full_screen_section=&#8221;no&#8221; type=&#8221;grid&#8221; angled_section=&#8221;no&#8221; text_align=&#8221;left&#8221; background_image_as_pattern=&#8221;without_pattern&#8221; padding_top=&#8221;115&#8243; padding_bottom=&#8221;83&#8243; z_index=&#8221;&#8221; css=&#8221;.vc_custom_1517922176787{background-color: #ffffff !important;}&#8221;][vc_column offset=&#8221;vc_col-md-4&#8243;][vc_single_image image=&#8221;851&#8243; img_size=&#8221;full&#8221; qode_css_animation=&#8221;&#8221;][vc_empty_space height=&#8221;30px&#8221;][vc_column_text]<\/p>\n<h3>MISI\u00d3N<\/h3>\n<p>[\/vc_column_text][vc_empty_space height=&#8221;18px&#8221;][vc_column_text]Ser el laboratorio y centro de fresado dental l\u00edder en M\u00e9xico, reconocido por nuestra tecnolog\u00eda de vanguardia, precisi\u00f3n en cada trabajo y excelencia en el servicio, estableciendo un est\u00e1ndar de calidad que transforme la industria dental.[\/vc_column_text][vc_empty_space height=&#8221;30px&#8221;][\/vc_column][vc_column offset=&#8221;vc_col-md-4&#8243;][vc_single_image image=&#8221;850&#8243; img_size=&#8221;full&#8221; qode_css_animation=&#8221;&#8221;][vc_empty_space height=&#8221;30px&#8221;][vc_column_text]<\/p>\n<h3 class=\"uppercase\">VISI\u00d3N<\/h3>\n<p>[\/vc_column_text][vc_empty_space height=&#8221;18px&#8221;][vc_column_text]Proporcionar a cl\u00ednicas y laboratorios dentales soluciones innovadoras y personalizadas, utilizando tecnolog\u00eda avanzada y materiales de alta calidad, para garantizar rehabilitaciones dentales funcionales, est\u00e9ticas y duraderas, siempre comprometidos con la satisfacci\u00f3n de nuestros clientes.[\/vc_column_text][vc_empty_space height=&#8221;30px&#8221;][\/vc_column][vc_column offset=&#8221;vc_col-md-4&#8243;][vc_single_image image=&#8221;849&#8243; img_size=&#8221;full&#8221; qode_css_animation=&#8221;&#8221;][vc_empty_space height=&#8221;30px&#8221;][vc_column_text]<\/p>\n<h3 class=\"uppercase\">4Digital<\/h3>\n<p>[\/vc_column_text][vc_empty_space height=&#8221;18px&#8221;][vc_column_text]En Cuatro Digital, somos un Laboratorio y Centro de Fresado Dental comprometido con la calidad y la innovaci\u00f3n. Trabajamos con tecnolog\u00eda de vanguardia para brindar a cl\u00ednicas y laboratorios dentales un servicio de excelencia, asegurando resultados precisos y personalizados. Si tienes alg\u00fan proyecto en el que podamos apoyarte, no dudes en contactarnos. Adem\u00e1s, si no est\u00e1s en Chihuahua, \u00a1no te preocupes! Realizamos env\u00edos a todo el pa\u00eds. Env\u00edanos tus fotograf\u00edas y d\u00e9janos ser parte de tus soluciones dentales.[\/vc_column_text][vc_empty_space height=&#8221;30px&#8221;][\/vc_column][\/vc_row][vc_row css_animation=&#8221;&#8221; row_type=&#8221;row&#8221; use_row_as_full_screen_section=&#8221;no&#8221; type=&#8221;full_width&#8221; angled_section=&#8221;no&#8221; text_align=&#8221;left&#8221; background_image_as_pattern=&#8221;without_pattern&#8221; padding_top=&#8221;20&#8243; padding_bottom=&#8221;20&#8243; z_index=&#8221;&#8221; css=&#8221;.vc_custom_1517922558530{background-color: #ffffff !important;}&#8221;][vc_column][action full_width=&#8221;no&#8221; type=&#8221;normal&#8221; text_font_weight=&#8221;&#8221; show_button=&#8221;yes&#8221; button_target=&#8221;_self&#8221; padding_top=&#8221;35&#8243; padding_bottom=&#8221;27&#8243; button_text=&#8221;Cont\u00e1ctanos&#8221; button_link=&#8221;tel:+ 52 625 120 1737&#8243; button_text_color=&#8221;#ffffff&#8221; button_hover_text_color=&#8221;#ffffff&#8221; button_background_color=&#8221;#09487f&#8221; button_hover_background_color=&#8221;#4a123d&#8221; button_border_color=&#8221;#09487f&#8221; button_hover_border_color=&#8221;#4a123d&#8221; background_color=&#8221;#ffffff&#8221; text_letter_spacing=&#8221;0&#8243;]<\/p>\n<h2><span style=\"color: #2d2e48;\">Para m\u00e1s informaci\u00f3n comun\u00edcate al: + 52 614-423-0504<\/span><\/h2>\n<p>[\/action][\/vc_column][\/vc_row]<\/p>\n","protected":false},"excerpt":{"rendered":"<p>[vc_row css_animation=&#8221;&#8221; row_type=&#8221;row&#8221; use_row_as_full_screen_section=&#8221;no&#8221; type=&#8221;full_width&#8221; angled_section=&#8221;no&#8221; text_align=&#8221;left&#8221; background_image_as_pattern=&#8221;without_pattern&#8221;][vc_column][vc_empty_space][\/vc_column][\/vc_row][vc_row css_animation=&#8221;&#8221; row_type=&#8221;row&#8221; use_row_as_full_screen_section=&#8221;no&#8221; type=&#8221;full_width&#8221; angled_section=&#8221;no&#8221; text_align=&#8221;left&#8221; background_image_as_pattern=&#8221;without_pattern&#8221;][vc_column][vc_empty_space][\/vc_column][\/vc_row][vc_row css_animation=&#8221;&#8221; row_type=&#8221;row&#8221; use_row_as_full_screen_section=&#8221;no&#8221; type=&#8221;full_width&#8221; angled_section=&#8221;no&#8221; text_align=&#8221;left&#8221; background_image_as_pattern=&#8221;without_pattern&#8221;][vc_column][vc_empty_space][\/vc_column][\/vc_row][vc_row css_animation=&#8221;&#8221; row_type=&#8221;row&#8221; use_row_as_full_screen_section=&#8221;no&#8221; type=&#8221;full_width&#8221; angled_section=&#8221;no&#8221; text_align=&#8221;left&#8221; background_image_as_pattern=&#8221;without_pattern&#8221;][vc_column width=&#8221;1\/4&#8243;][\/vc_column][vc_column width=&#8221;1\/2&#8243;][vc_column_text] \u00bfPor que elegir 4 Digital? &nbsp; Laboratorio con la mejor tecnolog\u00eda propia. Carillas el mismo d\u00eda. Impresi\u00f3n o escaneo digital. Tomografo. Todo en el [&hellip;]<\/p>\n","protected":false},"author":1,"featured_media":0,"parent":0,"menu_order":0,"comment_status":"closed","ping_status":"closed","template":"full_width.php","meta":{"footnotes":""},"class_list":["post-155","page","type-page","status-publish","hentry"],"_links":{"self":[{"href":"https:\/\/4digital.mx\/wp-json\/wp\/v2\/pages\/155","targetHints":{"allow":["GET"]}}],"collection":[{"href":"https:\/\/4digital.mx\/wp-json\/wp\/v2\/pages"}],"about":[{"href":"https:\/\/4digital.mx\/wp-json\/wp\/v2\/types\/page"}],"author":[{"embeddable":true,"href":"https:\/\/4digital.mx\/wp-json\/wp\/v2\/users\/1"}],"replies":[{"embeddable":true,"href":"https:\/\/4digital.mx\/wp-json\/wp\/v2\/comments?post=155"}],"version-history":[{"count":8,"href":"https:\/\/4digital.mx\/wp-json\/wp\/v2\/pages\/155\/revisions"}],"predecessor-version":[{"id":884,"href":"https:\/\/4digital.mx\/wp-json\/wp\/v2\/pages\/155\/revisions\/884"}],"wp:attachment":[{"href":"https:\/\/4digital.mx\/wp-json\/wp\/v2\/media?parent=155"}],"curies":[{"name":"wp","href":"https:\/\/api.w.org\/{rel}","templated":true}]}}